{"id":7479,"date":"2019-03-29T11:01:18","date_gmt":"2019-03-29T11:01:18","guid":{"rendered":"http:\/\/cnchungaria.hu\/?page_id=7479"},"modified":"2025-02-04T13:44:20","modified_gmt":"2025-02-04T13:44:20","slug":"taath-y1100-machining-centre","status":"publish","type":"page","link":"https:\/\/cnchungaria.hu\/wordpress\/?page_id=7479","title":{"rendered":"TAATH Y1100 machining center"},"content":{"rendered":"<p><img loading=\"lazy\" class=\" wp-image-8138 aligncenter\" src=\"http:\/\/cnchungaria.hu\/wordpress\/wp-content\/uploads\/2019\/12\/Y900-300x213.png\" alt=\"\" width=\"501\" height=\"356\" \/><\/p>\n<p>OUR NEW MACHINING CENTERS CAN BE VIEWED AND TRIED AT OUR SITE IN T\u00e1t.<\/p>\n<p><strong>Production year: 2024<\/strong><\/p>\n<p><strong>Designed by German engineers<br \/>\n<\/strong><strong>Produced according to strict CE-standard<\/strong><\/p>\n<p>Table size: 1200 x 550 mm<br \/>\nTable max. capacity: 500 kg<br \/>\nX, Y, Z travel: 1130 x 570 x 570 mm<br \/>\nSpindle speed: 12000 RPM<br \/>\n24T ARM type tool magazine<br \/>\nPositioning accuracy: +\/- 0.005<br \/>\nMachine size: 2300 x 2350 x 3100 mm<br \/>\nWeight: 7000 kg<\/p>\n<p>Siemens 828D CNC control<br \/>\nX\/Y\/Z axes: Siemens brand servo motor and drive<br \/>\nFull closed cover<br \/>\nAir conditioner for electricity cabinet<br \/>\nAutomatic chip conveyor and chip bucket<br \/>\nLINEAR guideway<br \/>\nC3 accuracy precision screw balls<\/p>\n<p><strong>We provide 12 months guarantee for the machine as from\u00a0the installation.<br \/>\n<\/strong><strong>CE certification: the machine has a work, accident and health qualification certified by the European Union.<\/strong><\/p>\n<p><span style=\"color: #ff0000;\">PRICE: <\/span><br \/>\n<span style=\"color: #ff0000;\">with SIEMENS 828D control: EUR + VAT<\/span><br \/>\n<span style=\"color: #ff0000;\">with FANUC 0I MF control:\u00a0 EUR + VAT<\/span><\/p>\n<p>Opcional:<br \/>\n&#8211; Shopmill PRICE:\u00a0 Eur + VAT<br \/>\n&#8211; DXF reader PRICE:\u00a0 Eur + VAT<br \/>\n&#8211; 12 000 spindle speed (k\u00f6zvetlen tengelyhajt\u00e1s\u00fa, olajh\u0171t\u00e9ssel)\u00a0 Eur + VAT<br \/>\n&#8211; CTS (sz\u00edjhajt\u00e1s\u00fa f\u0151ors\u00f3hoz) Eur + VAT<br \/>\n&#8211; CTS (K\u00f6zvetlen tengelyhajt\u00e1s\u00fa f\u0151ors\u00f3hoz) Eur + VAT<br \/>\n&#8211; Auto. chip conveyor Eur + VAT<br \/>\n&#8211; GSA CNC120R (Asztal \u00e1tm\u00e9r\u0151 120 mm) 4. tengely\u00a0 Eur + VAT<br \/>\n&#8211; Szersz\u00e1mbem\u00e9r\u0151 Renishaw TS27R (contact)\u00a0 Eur + VAT<br \/>\n&#8211; Renishaw OMP40-2 munkadarab bem\u00e9r\u0151- \u00e9s ellen\u0151rz\u0151 taszter\u00a0 Eur + VAT<br \/>\n&#8211; Renishaw OMP60 munkadarab bem\u00e9r\u0151- \u00e9s ellen\u0151rz\u0151 taszter Eur + VAT<\/p>\n<div role=\"form\" class=\"wpcf7\" id=\"wpcf7-f1415-o1\" lang=\"en-US\" dir=\"ltr\">\n<div class=\"screen-reader-response\"><p role=\"status\" aria-live=\"polite\" aria-atomic=\"true\"><\/p> <ul><\/ul><\/div>\n<form action=\"\/wordpress\/index.php?rest_route=%2Fwp%2Fv2%2Fpages%2F7479#wpcf7-f1415-o1\" method=\"post\" class=\"wpcf7-form init\" novalidate=\"novalidate\" data-status=\"init\">\n<div style=\"display: none;\">\n<input type=\"hidden\" name=\"_wpcf7\" value=\"1415\" \/>\n<input type=\"hidden\" name=\"_wpcf7_version\" value=\"5.4\" \/>\n<input type=\"hidden\" name=\"_wpcf7_locale\" value=\"en_US\" \/>\n<input type=\"hidden\" name=\"_wpcf7_unit_tag\" value=\"wpcf7-f1415-o1\" \/>\n<input type=\"hidden\" name=\"_wpcf7_container_post\" value=\"0\" \/>\n<input type=\"hidden\" name=\"_wpcf7_posted_data_hash\" value=\"\" \/>\n<\/div>\n<p>Name\/Company (required)<br \/>\n    <span class=\"wpcf7-form-control-wrap your-name\"><input type=\"text\" name=\"your-name\" value=\"\" size=\"40\" class=\"wpcf7-form-control wpcf7-text wpcf7-validates-as-required\" aria-required=\"true\" aria-invalid=\"false\" \/><\/span> <\/p>\n<p>Email (required)  xxx<br \/>\n    <span class=\"wpcf7-form-control-wrap your-email\"><input type=\"email\" name=\"your-email\" value=\"\" size=\"40\" class=\"wpcf7-form-control wpcf7-text wpcf7-email wpcf7-validates-as-required wpcf7-validates-as-email\" aria-required=\"true\" aria-invalid=\"false\" \/><\/span> <\/p>\n<p>Phone (required)<br \/>\n    <span class=\"wpcf7-form-control-wrap date-859\"><input type=\"tel\" name=\"date-859\" value=\"\" size=\"40\" class=\"wpcf7-form-control wpcf7-text wpcf7-tel wpcf7-validates-as-required wpcf7-validates-as-tel\" aria-required=\"true\" aria-invalid=\"false\" \/><\/span> <\/p>\n<p>Subject<br \/>\n<span class=\"wpcf7-form-control-wrap dynamictext-505\"><input type=\"text\" name=\"dynamictext-505\" value=\"TAATH Y1100 machining center\" size=\"40\" class=\"wpcf7-form-control wpcf7dtx-dynamictext wpcf7-dynamictext\" aria-invalid=\"false\" \/><\/span> <\/p>\n<p>Message<br \/>\n    <span class=\"wpcf7-form-control-wrap your-message\"><textarea name=\"your-message\" cols=\"40\" rows=\"10\" class=\"wpcf7-form-control wpcf7-textarea\" aria-invalid=\"false\"><\/textarea><\/span> <\/p>\n<p><input type=\"submit\" value=\"Submit\" class=\"wpcf7-form-control wpcf7-submit\" \/><\/p>\n<div class=\"wpcf7-response-output\" aria-hidden=\"true\"><\/div><\/form><\/div>\n","protected":false},"excerpt":{"rendered":"<p>OUR NEW MACHINING CENTERS CAN BE VIEWED AND TRIED AT OUR SITE IN T\u00e1t. Production year: 2024 Designed by German engineers Produced according to strict CE-standard Table size: 1200 x 550 mm Table max. capacity: 500 kg X, Y, Z travel: 1130 x 570 x 570 mm Spindle speed: 12000&#8230;<\/p>\n","protected":false},"author":1,"featured_media":0,"parent":0,"menu_order":0,"comment_status":"closed","ping_status":"closed","template":"","meta":[],"_links":{"self":[{"href":"https:\/\/cnchungaria.hu\/wordpress\/index.php?rest_route=\/wp\/v2\/pages\/7479"}],"collection":[{"href":"https:\/\/cnchungaria.hu\/wordpress\/index.php?rest_route=\/wp\/v2\/pages"}],"about":[{"href":"https:\/\/cnchungaria.hu\/wordpress\/index.php?rest_route=\/wp\/v2\/types\/page"}],"author":[{"embeddable":true,"href":"https:\/\/cnchungaria.hu\/wordpress\/index.php?rest_route=\/wp\/v2\/users\/1"}],"replies":[{"embeddable":true,"href":"https:\/\/cnchungaria.hu\/wordpress\/index.php?rest_route=%2Fwp%2Fv2%2Fcomments&post=7479"}],"version-history":[{"count":7,"href":"https:\/\/cnchungaria.hu\/wordpress\/index.php?rest_route=\/wp\/v2\/pages\/7479\/revisions"}],"predecessor-version":[{"id":44432,"href":"https:\/\/cnchungaria.hu\/wordpress\/index.php?rest_route=\/wp\/v2\/pages\/7479\/revisions\/44432"}],"wp:attachment":[{"href":"https:\/\/cnchungaria.hu\/wordpress\/index.php?rest_route=%2Fwp%2Fv2%2Fmedia&parent=7479"}],"curies":[{"name":"wp","href":"https:\/\/api.w.org\/{rel}","templated":true}]}}