{"id":3593,"date":"2016-04-05T12:49:23","date_gmt":"2016-04-05T12:49:23","guid":{"rendered":"http:\/\/cnchungaria.hu\/?page_id=3593"},"modified":"2024-07-22T13:37:59","modified_gmt":"2024-07-22T13:37:59","slug":"contact-2","status":"publish","type":"page","link":"https:\/\/cnchungaria.hu\/wordpress\/?page_id=3593","title":{"rendered":"Contact"},"content":{"rendered":"<p><strong>CNC Hungaria Kft.<\/strong><\/p>\n<p>Address: Hungary, 2534 T\u00e1t, Gorkij fasor 32.<br \/>\nTel.\/Fax: +36-33-555-136 (Monday-Friday 8-16 h)<\/p>\n<p>E-mail: <a href=\"mailto:cnchungaria@cnchungaria.hu\">cnchungaria@cnchungaria.hu<\/a><\/p>\n<p>E-mail: <a href=\"mailto:cnchungaria@gmail.com\">cnchungariakft@gmail.com<\/a><\/p>\n<p><a href=\"https:\/\/www.facebook.com\/cnc.hungaria.3\/\" target=\"_blank\" rel=\"noopener noreferrer\">Facebook<\/a><\/p>\n<p>Iv\u00e1n Vad\u00e1szi<br \/>\nMobil: +36-70-6757-650,<br \/>\nE-mail: <a href=\"mailto:janig@cnchungaria.hu\">cnchungaria@cnchungaria.hu<\/a><\/p>\n<p>Krisztina Erd\u0151si-Szab\u00f3<br \/>\nTel.: +36-70-9493-650, +36-33-555-136 (Monday \u2013 Fridayi: 8-16 h)<br \/>\nE-mail: <a href=\"mailto:erdosikriszta@cnchungaria.hu\">cnchungaria@cnchungaria.hu<\/a><\/p>\n<p><a href=\"https:\/\/www.google.hu\/maps\/place\/Gorkij+fasor+32,+T%C3%A1t,+2534\/@47.739453,18.649003,17z\/data=!3m1!4b1!4m2!3m1!1s0x476a6726357044fb:0xe797aacbc5ba5dce\"><iframe loading=\"lazy\" src=\"https:\/\/www.google.com\/maps\/embed?pb=!1m18!1m12!1m3!1d670.7921853921904!2d18.64930115936237!3d47.73938060448208!2m3!1f0!2f0!3f0!3m2!1i1024!2i768!4f13.1!3m3!1m2!1s0x476a6726357044fb%3A0xe797aacbc5ba5dce!2sGorkij+fasor+32%2C+T%C3%A1t%2C+2534!5e0!3m2!1shu!2shu!4v1422360618828\" width=\"600\" height=\"450\" frameborder=\"0\"><\/iframe><\/a><\/p>\n","protected":false},"excerpt":{"rendered":"<p>CNC Hungaria Kft. Address: Hungary, 2534 T\u00e1t, Gorkij fasor 32. Tel.\/Fax: +36-33-555-136 (Monday-Friday 8-16 h) E-mail: cnchungaria@cnchungaria.hu E-mail: cnchungariakft@gmail.com Facebook Iv\u00e1n Vad\u00e1szi Mobil: +36-70-6757-650, E-mail: cnchungaria@cnchungaria.hu Krisztina Erd\u0151si-Szab\u00f3 Tel.: +36-70-9493-650, +36-33-555-136 (Monday \u2013 Fridayi: 8-16 h) E-mail: cnchungaria@cnchungaria.hu<\/p>\n","protected":false},"author":1,"featured_media":0,"parent":0,"menu_order":0,"comment_status":"closed","ping_status":"closed","template":"","meta":[],"_links":{"self":[{"href":"https:\/\/cnchungaria.hu\/wordpress\/index.php?rest_route=\/wp\/v2\/pages\/3593"}],"collection":[{"href":"https:\/\/cnchungaria.hu\/wordpress\/index.php?rest_route=\/wp\/v2\/pages"}],"about":[{"href":"https:\/\/cnchungaria.hu\/wordpress\/index.php?rest_route=\/wp\/v2\/types\/page"}],"author":[{"embeddable":true,"href":"https:\/\/cnchungaria.hu\/wordpress\/index.php?rest_route=\/wp\/v2\/users\/1"}],"replies":[{"embeddable":true,"href":"https:\/\/cnchungaria.hu\/wordpress\/index.php?rest_route=%2Fwp%2Fv2%2Fcomments&post=3593"}],"version-history":[{"count":5,"href":"https:\/\/cnchungaria.hu\/wordpress\/index.php?rest_route=\/wp\/v2\/pages\/3593\/revisions"}],"predecessor-version":[{"id":44338,"href":"https:\/\/cnchungaria.hu\/wordpress\/index.php?rest_route=\/wp\/v2\/pages\/3593\/revisions\/44338"}],"wp:attachment":[{"href":"https:\/\/cnchungaria.hu\/wordpress\/index.php?rest_route=%2Fwp%2Fv2%2Fmedia&parent=3593"}],"curies":[{"name":"wp","href":"https:\/\/api.w.org\/{rel}","templated":true}]}}