{"id":350,"date":"2015-03-12T09:36:33","date_gmt":"2015-03-12T09:36:33","guid":{"rendered":"http:\/\/cnchungaria.hu\/?page_id=350"},"modified":"2025-02-04T11:44:50","modified_gmt":"2025-02-04T11:44:50","slug":"introduction","status":"publish","type":"page","link":"https:\/\/cnchungaria.hu\/wordpress\/","title":{"rendered":"Introduction"},"content":{"rendered":"\n<h2>Welcome to CNC Hungaria Kft. homepage!<\/h2>\n\n\n\n<p class=\"has-text-align-right\"><em><strong>Our new FACEBOOK website:<\/strong><\/em>&nbsp;<a href=\"http:\/\/www.facebook.com\/cnc.hungaria.3\">http:\/\/www.facebook.com\/cnc.hungaria.3<\/a><\/p>\n\n\n\n<p class=\"has-text-align-right\"><em><strong>Please add us to your contact list!<\/strong><\/em><\/p>\n\n\n\n<figure class=\"wp-block-gallery columns-3 is-cropped\"><ul class=\"blocks-gallery-grid\"><li class=\"blocks-gallery-item\"><figure><img loading=\"lazy\" width=\"300\" height=\"258\" src=\"https:\/\/cnchungaria.hu\/wordpress\/wp-content\/uploads\/2024\/07\/logo-EN-300x258.jpg\" alt=\"\" data-id=\"44233\" data-link=\"https:\/\/cnchungaria.hu\/wordpress\/?attachment_id=44233\" class=\"wp-image-44233\" srcset=\"https:\/\/cnchungaria.hu\/wordpress\/wp-content\/uploads\/2024\/07\/logo-EN-300x258.jpg 300w, https:\/\/cnchungaria.hu\/wordpress\/wp-content\/uploads\/2024\/07\/logo-EN-1024x882.jpg 1024w, https:\/\/cnchungaria.hu\/wordpress\/wp-content\/uploads\/2024\/07\/logo-EN-768x661.jpg 768w, https:\/\/cnchungaria.hu\/wordpress\/wp-content\/uploads\/2024\/07\/logo-EN-1536x1322.jpg 1536w, https:\/\/cnchungaria.hu\/wordpress\/wp-content\/uploads\/2024\/07\/logo-EN.jpg 2000w\" sizes=\"(max-width: 300px) 100vw, 300px\" \/><\/figure><\/li><li class=\"blocks-gallery-item\"><figure><img loading=\"lazy\" width=\"212\" height=\"300\" src=\"https:\/\/cnchungaria.hu\/wordpress\/wp-content\/uploads\/2024\/07\/Tanusitvany_certificate_ich-9001-2015_cnc-hungaria_22.01.17.-2-1-212x300.jpg\" alt=\"\" data-id=\"44239\" data-full-url=\"https:\/\/cnchungaria.hu\/wordpress\/wp-content\/uploads\/2024\/07\/Tanusitvany_certificate_ich-9001-2015_cnc-hungaria_22.01.17.-2-1.jpg\" data-link=\"https:\/\/cnchungaria.hu\/wordpress\/?attachment_id=44239\" class=\"wp-image-44239\" srcset=\"https:\/\/cnchungaria.hu\/wordpress\/wp-content\/uploads\/2024\/07\/Tanusitvany_certificate_ich-9001-2015_cnc-hungaria_22.01.17.-2-1-212x300.jpg 212w, https:\/\/cnchungaria.hu\/wordpress\/wp-content\/uploads\/2024\/07\/Tanusitvany_certificate_ich-9001-2015_cnc-hungaria_22.01.17.-2-1-724x1024.jpg 724w, https:\/\/cnchungaria.hu\/wordpress\/wp-content\/uploads\/2024\/07\/Tanusitvany_certificate_ich-9001-2015_cnc-hungaria_22.01.17.-2-1-768x1086.jpg 768w, https:\/\/cnchungaria.hu\/wordpress\/wp-content\/uploads\/2024\/07\/Tanusitvany_certificate_ich-9001-2015_cnc-hungaria_22.01.17.-2-1-1086x1536.jpg 1086w, https:\/\/cnchungaria.hu\/wordpress\/wp-content\/uploads\/2024\/07\/Tanusitvany_certificate_ich-9001-2015_cnc-hungaria_22.01.17.-2-1-1448x2048.jpg 1448w, https:\/\/cnchungaria.hu\/wordpress\/wp-content\/uploads\/2024\/07\/Tanusitvany_certificate_ich-9001-2015_cnc-hungaria_22.01.17.-2-1.jpg 1653w\" sizes=\"(max-width: 212px) 100vw, 212px\" \/><\/figure><\/li><li class=\"blocks-gallery-item\"><figure><img loading=\"lazy\" width=\"212\" height=\"300\" src=\"https:\/\/cnchungaria.hu\/wordpress\/wp-content\/uploads\/2024\/07\/Tanusitvany_certificate_ich-14001-2015_cnc-hungaria_22.01.17.-2-1-212x300.jpg\" alt=\"\" data-id=\"44240\" data-full-url=\"https:\/\/cnchungaria.hu\/wordpress\/wp-content\/uploads\/2024\/07\/Tanusitvany_certificate_ich-14001-2015_cnc-hungaria_22.01.17.-2-1.jpg\" data-link=\"https:\/\/cnchungaria.hu\/wordpress\/?attachment_id=44240\" class=\"wp-image-44240\" srcset=\"https:\/\/cnchungaria.hu\/wordpress\/wp-content\/uploads\/2024\/07\/Tanusitvany_certificate_ich-14001-2015_cnc-hungaria_22.01.17.-2-1-212x300.jpg 212w, https:\/\/cnchungaria.hu\/wordpress\/wp-content\/uploads\/2024\/07\/Tanusitvany_certificate_ich-14001-2015_cnc-hungaria_22.01.17.-2-1-724x1024.jpg 724w, https:\/\/cnchungaria.hu\/wordpress\/wp-content\/uploads\/2024\/07\/Tanusitvany_certificate_ich-14001-2015_cnc-hungaria_22.01.17.-2-1-768x1086.jpg 768w, https:\/\/cnchungaria.hu\/wordpress\/wp-content\/uploads\/2024\/07\/Tanusitvany_certificate_ich-14001-2015_cnc-hungaria_22.01.17.-2-1-1086x1536.jpg 1086w, https:\/\/cnchungaria.hu\/wordpress\/wp-content\/uploads\/2024\/07\/Tanusitvany_certificate_ich-14001-2015_cnc-hungaria_22.01.17.-2-1-1448x2048.jpg 1448w, https:\/\/cnchungaria.hu\/wordpress\/wp-content\/uploads\/2024\/07\/Tanusitvany_certificate_ich-14001-2015_cnc-hungaria_22.01.17.-2-1.jpg 1653w\" sizes=\"(max-width: 212px) 100vw, 212px\" \/><\/figure><\/li><\/ul><\/figure>\n\n\n\n<h3><span style=\"color: #3366ff;\"><strong>TENDERS<\/strong><\/span><\/h3>\n\n\n\n<figure class=\"wp-block-image size-large is-style-default\"><img loading=\"lazy\" width=\"1024\" height=\"669\" src=\"https:\/\/cnchungaria.hu\/wordpress\/wp-content\/uploads\/2024\/06\/tabla-javitott-2-1024x669.jpg\" alt=\"\" class=\"wp-image-44136\" srcset=\"https:\/\/cnchungaria.hu\/wordpress\/wp-content\/uploads\/2024\/06\/tabla-javitott-2-1024x669.jpg 1024w, https:\/\/cnchungaria.hu\/wordpress\/wp-content\/uploads\/2024\/06\/tabla-javitott-2-300x196.jpg 300w, https:\/\/cnchungaria.hu\/wordpress\/wp-content\/uploads\/2024\/06\/tabla-javitott-2-768x502.jpg 768w, https:\/\/cnchungaria.hu\/wordpress\/wp-content\/uploads\/2024\/06\/tabla-javitott-2-1536x1003.jpg 1536w, https:\/\/cnchungaria.hu\/wordpress\/wp-content\/uploads\/2024\/06\/tabla-javitott-2.jpg 1672w\" sizes=\"(max-width: 1024px) 100vw, 1024px\" \/><figcaption><strong>We received 106.45 million HUF in support through the 3rd awarded European Union tender.<\/strong><\/figcaption><\/figure>\n\n\n\n<figure class=\"wp-block-image size-medium is-style-default\"><img loading=\"lazy\" width=\"300\" height=\"207\" src=\"https:\/\/cnchungaria.hu\/wordpress\/wp-content\/uploads\/2024\/06\/infoblokk_kedv_final_felso_cmyk_ERFA-300x207.jpg\" alt=\"\" class=\"wp-image-44137\" srcset=\"https:\/\/cnchungaria.hu\/wordpress\/wp-content\/uploads\/2024\/06\/infoblokk_kedv_final_felso_cmyk_ERFA-300x207.jpg 300w, https:\/\/cnchungaria.hu\/wordpress\/wp-content\/uploads\/2024\/06\/infoblokk_kedv_final_felso_cmyk_ERFA-1024x708.jpg 1024w, https:\/\/cnchungaria.hu\/wordpress\/wp-content\/uploads\/2024\/06\/infoblokk_kedv_final_felso_cmyk_ERFA-768x531.jpg 768w, https:\/\/cnchungaria.hu\/wordpress\/wp-content\/uploads\/2024\/06\/infoblokk_kedv_final_felso_cmyk_ERFA.jpg 1453w\" sizes=\"(max-width: 300px) 100vw, 300px\" \/><\/figure>\n\n\n\n<div class=\"wp-block-group\"><div class=\"wp-block-group__inner-container\">\n<div class=\"wp-block-group\"><div class=\"wp-block-group__inner-container\">\n<div class=\"wp-block-group\"><div class=\"wp-block-group__inner-container\">\n<div class=\"wp-block-columns\">\n<div class=\"wp-block-column is-vertically-aligned-center\" style=\"flex-basis:100%\">\n<div class=\"wp-block-group\"><div class=\"wp-block-group__inner-container\">\n<div class=\"wp-block-group\"><div class=\"wp-block-group__inner-container\">\n<p class=\"has-text-align-center has-normal-font-size\"><span class=\"has-inline-color has-vivid-red-color\"><strong>The activity of our profile so far \u2013 buying and selling used and distributing new metalworking machines, and rental of machines. <\/strong><\/span><\/p>\n<\/div><\/div>\n\n\n\n<p class=\"has-text-align-center has-normal-font-size\"><strong>Our offer can be viewed under the menu items &#8220;<a href=\"https:\/\/cnchungaria.hu\/wordpress\/?page_id=43938\"><span class=\"has-inline-color has-pale-cyan-blue-color\">New machines<\/span><\/a>&#8221; and &#8220;<a href=\"https:\/\/cnchungaria.hu\/wordpress\/?page_id=43938\"><span class=\"has-inline-color has-pale-cyan-blue-color\">Used machines<\/span><\/a>&#8220;.<\/strong><\/p>\n<\/div><\/div>\n<\/div>\n<\/div>\n<\/div><\/div>\n\n\n\n<p class=\"has-text-align-center has-normal-font-size\"><strong><span class=\"has-inline-color has-vivid-red-color\">Our new profile is precision tool and component production, serial production<\/span>. <\/strong><\/p>\n\n\n\n<p class=\"has-text-align-center has-normal-font-size\"><strong>You can find our machine park under the &#8220;<a href=\"https:\/\/cnchungaria.hu\/wordpress\/?page_id=7309\"><span class=\"has-inline-color has-pale-cyan-blue-color\">Production<\/span><\/a>&#8221; menu item.<\/strong><\/p>\n\n\n\n<p class=\"has-text-align-center\"><strong><em>Cnc Hungaria Kft. is a military manufacturer, production designer, parts manufacturer, dealer, broker, has an import, receipt, delivery, re-export, foreign trade license!<\/em><\/strong><\/p>\n<\/div><\/div>\n<\/div><\/div>\n\n\n\n<p class=\"has-text-align-center has-normal-font-size\"><span class=\"has-inline-color has-vivid-cyan-blue-color\">TENDER SUPPORT CAN BE REQUIRED FOR OUR NEW MACHINES! <\/span><\/p>\n\n\n\n<p class=\"has-text-align-center has-normal-font-size\"><span class=\"has-inline-color has-vivid-cyan-blue-color\">Precise application administration! Find us with confidence!<\/span><\/p>\n\n\n\n<p>Our company, CNC Hungaria Kft., has 25 years of professional experience in the sale of CNC machines and an extensive network of contacts. <\/p>\n\n\n\n<p>Our profile mainly &#8211; but not exclusively &#8211; is the <strong>distribution<\/strong>, servicing and rental of:<\/p>\n\n\n\n<p>  <\/p>\n\n\n\n<ul><li><strong>wire and block EDM machines,<\/strong><\/li><li><strong>machining centers,<\/strong><\/li><li><strong>hole drills, <\/strong><\/li><li><strong>CNC lathes  <\/strong><\/li><li><strong>surface grinders,  <\/strong><\/li><li><strong>column drilling machines,<\/strong><\/li><li><strong>laser machines, <\/strong><\/li><li>the rental of certain types of machines.<\/li><\/ul>\n\n\n\n<p class=\"has-medium-font-size\"><strong><span class=\"has-inline-color has-vivid-red-color\">Machines which we exclusively distribute:    <\/span><\/strong><\/p>\n\n\n\n<ul><li><span class=\"has-inline-color has-vivid-red-color\"><strong>LAGUN brand machines<\/strong> <strong>of the Spanish MAHER HOLDING group<\/strong><\/span><\/li><\/ul>\n\n\n\n<p>See under &#8220;<a href=\"https:\/\/cnchungaria.hu\/wordpress\/?page_id=43938\"><span class=\"has-inline-color has-pale-cyan-blue-color\">Our new machines<\/span><\/a>&#8221; menu item.<\/p>\n\n\n\n<ul><li><span class=\"has-inline-color has-vivid-red-color\"><strong>BLIN brand (German engineering design, German precision, machines assembled from quality parts), which we market under the name TAATH<\/strong><\/span><br>See under &#8220;<a href=\"https:\/\/cnchungaria.hu\/wordpress\/?page_id=43938\"><span class=\"has-inline-color has-pale-cyan-blue-color\">Our new machines<\/span><\/a>&#8221; menu item.<\/li><\/ul>\n\n\n\n<p><strong><span class=\"has-inline-color has-vivid-red-color\">LAGUN brand machines of the Spanish MAHER HOLDING group<\/span><\/strong><\/p>\n\n\n\n<ul><li>traditional and universal milling machines<\/li><li>5-axis machining centers<\/li><li>3-axis machining centers from X. 850 mm movement range<\/li><\/ul>\n\n\n\n<p>See under &#8220;<a href=\"https:\/\/cnchungaria.hu\/wordpress\/?page_id=43938\"><span class=\"has-inline-color has-pale-cyan-blue-color\">Our new machines<\/span><\/a>&#8221; menu item.<\/p>\n\n\n\n<figure class=\"wp-block-embed is-type-video is-provider-youtube wp-block-embed-youtube wp-embed-aspect-16-9 wp-has-aspect-ratio\"><div class=\"wp-block-embed__wrapper\">\n<iframe loading=\"lazy\" title=\"LAGUN megmunk\u00e1l\u00f3k\u00f6zpont\" width=\"790\" height=\"444\" src=\"https:\/\/www.youtube.com\/embed\/u3OAmVr3GO4?feature=oembed\" frameborder=\"0\" allow=\"accelerometer; autoplay; clipboard-write; encrypted-media; gyroscope; picture-in-picture; web-share\" referrerpolicy=\"strict-origin-when-cross-origin\" allowfullscreen><\/iframe>\n<\/div><\/figure>\n\n\n\n<p><strong><span class=\"has-inline-color has-vivid-red-color\">OUR TAATH MACHINING CENTERS AND LATHES ARE AVAILABLE IN DIFFERENT MOVEMENT RANGES (from X: 450 mm), IN 3, 4 OR EVEN 3+2 AXIS VERSIONS! With Siemens, Fanuc or even HEIDENHAIN TNC620 control!<\/span><\/strong><\/p>\n\n\n\n<p>See under &#8220;<a href=\"https:\/\/cnchungaria.hu\/wordpress\/?page_id=43938\"><span class=\"has-inline-color has-pale-cyan-blue-color\">Our new machines<\/span><\/a>&#8221; menu item.<\/p>\n\n\n\n<figure class=\"wp-block-embed is-type-video is-provider-youtube wp-block-embed-youtube wp-embed-aspect-16-9 wp-has-aspect-ratio\"><div class=\"wp-block-embed__wrapper\">\n<iframe loading=\"lazy\" title=\"Taath Y600 megmunk\u00e1l\u00f3k\u00f6zpont\" width=\"790\" height=\"444\" src=\"https:\/\/www.youtube.com\/embed\/xmoYZUhJ2FM?feature=oembed\" frameborder=\"0\" allow=\"accelerometer; autoplay; clipboard-write; encrypted-media; gyroscope; picture-in-picture; web-share\" referrerpolicy=\"strict-origin-when-cross-origin\" allowfullscreen><\/iframe>\n<\/div><\/figure>\n\n\n\n<p class=\"has-normal-font-size\"><strong><span class=\"has-inline-color has-vivid-red-color\">OUR TAATH 3+2 axis MACHINING CENTERS<\/span><\/strong><\/p>\n\n\n\n<p>See under &#8220;<a href=\"https:\/\/cnchungaria.hu\/wordpress\/?page_id=43938\"><span class=\"has-inline-color has-pale-cyan-blue-color\">Our new machines<\/span><\/a>&#8221; menu item.<\/p>\n\n\n\n<figure class=\"wp-block-image size-large is-style-default\"><img loading=\"lazy\" width=\"1024\" height=\"768\" src=\"https:\/\/cnchungaria.hu\/wordpress\/wp-content\/uploads\/2024\/06\/5-Y900-front-mount-4th-axes-and-spindle-center-coolingopt.-1024x768.jpg\" alt=\"\" class=\"wp-image-44147\" srcset=\"https:\/\/cnchungaria.hu\/wordpress\/wp-content\/uploads\/2024\/06\/5-Y900-front-mount-4th-axes-and-spindle-center-coolingopt.-1024x768.jpg 1024w, https:\/\/cnchungaria.hu\/wordpress\/wp-content\/uploads\/2024\/06\/5-Y900-front-mount-4th-axes-and-spindle-center-coolingopt.-300x225.jpg 300w, https:\/\/cnchungaria.hu\/wordpress\/wp-content\/uploads\/2024\/06\/5-Y900-front-mount-4th-axes-and-spindle-center-coolingopt.-768x576.jpg 768w, https:\/\/cnchungaria.hu\/wordpress\/wp-content\/uploads\/2024\/06\/5-Y900-front-mount-4th-axes-and-spindle-center-coolingopt..jpg 1306w\" sizes=\"(max-width: 1024px) 100vw, 1024px\" \/><\/figure>\n\n\n\n<p class=\"has-normal-font-size\"><span style=\"color: #ff0000;\"><strong><span class=\"has-inline-color has-vivid-red-color\">NEW TAATH HYDRAULIC SURFACE GRINDING MACHINES<\/span><\/strong><\/span><\/p>\n\n\n\n<p><span style=\"color: #000000;\"><span class=\"has-inline-color has-vivid-red-color\">The surface grinding machines can be ordered in various sizes from small to large table size (400 &#8211; 2000). Manual, hydraulic and CNC design, either with SIEMENS control or with Hungarian language control.<\/span><\/span><\/p>\n\n\n\n<p>See under &#8220;<a href=\"https:\/\/cnchungaria.hu\/wordpress\/?page_id=43938\"><span class=\"has-inline-color has-pale-cyan-blue-color\">Our new machines<\/span><\/a>&#8221; menu item.<\/p>\n\n\n\n<figure class=\"wp-block-embed is-type-video is-provider-youtube wp-block-embed-youtube wp-embed-aspect-16-9 wp-has-aspect-ratio\"><div class=\"wp-block-embed__wrapper\">\n<iframe loading=\"lazy\" title=\"TAATH CNC sikk\u00f6sz\u00f6r\u0171\" width=\"790\" height=\"444\" src=\"https:\/\/www.youtube.com\/embed\/gAUcGPhKhu4?feature=oembed\" frameborder=\"0\" allow=\"accelerometer; autoplay; clipboard-write; encrypted-media; gyroscope; picture-in-picture; web-share\" referrerpolicy=\"strict-origin-when-cross-origin\" allowfullscreen><\/iframe>\n<\/div><\/figure>\n\n\n\n<p class=\"has-text-align-left\"><span class=\"has-inline-color has-black-color\">OUR NEW MACHINES (machining centers, surface grinders, lathes) ARE ALSO AVAILABLE FOR RENT.<\/span><\/p>\n\n\n\n<p class=\"has-text-align-left\"><br><span class=\"has-inline-color has-black-color\">OUR NEW MACHINING CENTERS, FLAT GRINDERS, USED MACHINES CAN BE VIEWED AND TRIED AT OUR SITE IN T\u00c1T.<\/span><\/p>\n\n\n\n<p class=\"has-text-align-left\"><span class=\"has-inline-color has-black-color\">Our used machines (machining centers, surface grinders, wire and block EDM machines\u2026 etc.) ARE ALSO AVAILABLE FOR RENT (depending on machine type, year)<\/span><\/p>\n\n\n\n<p class=\"has-medium-font-size\"><strong><span class=\"has-inline-color has-vivid-red-color\">The new profile of our company is production, for which we are looking for partners!<\/span><\/strong><\/p>\n\n\n\n<p>We undertake tool and component production, serial production.<\/p>\n\n\n\n<p>We are expanding our machine park with new, professional machines.<\/p>\n\n\n\n<p>Our machine park can be viewed in the &#8220;<a href=\"https:\/\/cnchungaria.hu\/wordpress\/?page_id=7309\">Production<\/a>&#8221; menu item.<\/p>\n\n\n\n<p><\/p>\n\n\n\n<p>Please visit our site regularly! If you have a special machine tool demand, please do not hesitate, <span style=\"color: #ff0000;\"><a style=\"color: #ff0000;\" href=\"\/?page_id=909&amp;lang=en\">CONTACT US<\/a><\/span>&nbsp;!<\/p>\n\n\n\n<p>If you would like to sell your machine, we can help you, <span style=\"color: #0000ff;\"><a style=\"color: #0000ff;\" href=\"\/?page_id=892&amp;lang=en\">CLICK HERE<\/a>&nbsp;!<\/span><\/p>\n\n\n\n<p>If you would like to <span style=\"color: #339966;\">RENT&nbsp;<\/span>, please <a href=\"http:\/\/cnchungaria.hu\/?page_id=7229&amp;lang=en\"><span style=\"color: #339966;\">REGISTER HERE<\/span><\/a> !<\/p>\n","protected":false},"excerpt":{"rendered":"<p>Welcome to CNC Hungaria Kft. homepage! Our new FACEBOOK website:&nbsp;http:\/\/www.facebook.com\/cnc.hungaria.3 Please add us to your contact list! TENDERS TENDER SUPPORT CAN BE REQUIRED FOR OUR NEW MACHINES! Precise application administration! Find us with confidence! Our company, CNC Hungaria Kft., has 25 years of professional experience in the sale of CNC&#8230;<\/p>\n","protected":false},"author":1,"featured_media":0,"parent":0,"menu_order":0,"comment_status":"closed","ping_status":"closed","template":"","meta":[],"_links":{"self":[{"href":"https:\/\/cnchungaria.hu\/wordpress\/index.php?rest_route=\/wp\/v2\/pages\/350"}],"collection":[{"href":"https:\/\/cnchungaria.hu\/wordpress\/index.php?rest_route=\/wp\/v2\/pages"}],"about":[{"href":"https:\/\/cnchungaria.hu\/wordpress\/index.php?rest_route=\/wp\/v2\/types\/page"}],"author":[{"embeddable":true,"href":"https:\/\/cnchungaria.hu\/wordpress\/index.php?rest_route=\/wp\/v2\/users\/1"}],"replies":[{"embeddable":true,"href":"https:\/\/cnchungaria.hu\/wordpress\/index.php?rest_route=%2Fwp%2Fv2%2Fcomments&post=350"}],"version-history":[{"count":45,"href":"https:\/\/cnchungaria.hu\/wordpress\/index.php?rest_route=\/wp\/v2\/pages\/350\/revisions"}],"predecessor-version":[{"id":44393,"href":"https:\/\/cnchungaria.hu\/wordpress\/index.php?rest_route=\/wp\/v2\/pages\/350\/revisions\/44393"}],"wp:attachment":[{"href":"https:\/\/cnchungaria.hu\/wordpress\/index.php?rest_route=%2Fwp%2Fv2%2Fmedia&parent=350"}],"curies":[{"name":"wp","href":"https:\/\/api.w.org\/{rel}","templated":true}]}}